{"id":262997,"date":"2025-01-28T15:32:55","date_gmt":"2025-01-28T14:32:55","guid":{"rendered":"https:\/\/ferrazgaliana.com\/contact-architects-in-valencia-and-alicante\/"},"modified":"2025-11-06T11:57:25","modified_gmt":"2025-11-06T10:57:25","slug":"contact-architects-in-valencia-and-alicante","status":"publish","type":"page","link":"https:\/\/ferrazgaliana.com\/en\/contact-architects-in-valencia-and-alicante\/","title":{"rendered":"CONTACT ARCHITECTS IN VALENCIA AND ALICANTE"},"content":{"rendered":"<p>[et_pb_section fb_built=&#8221;1&#8243; _builder_version=&#8221;4.27.4&#8243; _module_preset=&#8221;default&#8221; width=&#8221;100%&#8221; global_colors_info=&#8221;{}&#8221;][et_pb_row column_structure=&#8221;1_2,1_2&#8243; _builder_version=&#8221;4.27.4&#8243; _module_preset=&#8221;default&#8221; width=&#8221;100%&#8221; max_width=&#8221;1040px&#8221; max_width_tablet=&#8221;1040px&#8221; max_width_phone=&#8221;70%&#8221; max_width_last_edited=&#8221;on|phone&#8221; global_colors_info=&#8221;{}&#8221;][et_pb_column type=&#8221;1_2&#8243; _builder_version=&#8221;4.27.4&#8243; _module_preset=&#8221;default&#8221; global_colors_info=&#8221;{}&#8221;][et_pb_text _builder_version=&#8221;4.27.4&#8243; _module_preset=&#8221;default&#8221; text_font=&#8221;&#8211;et_global_heading_font||||||||&#8221; text_font_size=&#8221;35px&#8221; header_font=&#8221;Montserrat|300|||||||&#8221; header_font_size=&#8221;20px&#8221; custom_padding=&#8221;||||false|false&#8221; text_orientation_tablet=&#8221;right&#8221; text_orientation_phone=&#8221;center&#8221; text_orientation_last_edited=&#8221;on|phone&#8221; global_colors_info=&#8221;{}&#8221;]<\/p>\n<h1>CONTACT FERRAZ GALIANA<\/h1>\n<h2>Architects in Valencia &#8211; Architects in Alicante<\/h2>\n<p>[\/et_pb_text][et_pb_text _builder_version=&#8221;4.27.4&#8243; _module_preset=&#8221;default&#8221; header_2_text_align=&#8221;left&#8221; header_2_font_size=&#8221;20px&#8221; custom_padding=&#8221;||||false|false&#8221; global_colors_info=&#8221;{}&#8221;]<\/p>\n<h3>Fill in the form and we will contact you as soon as possible.<\/h3>\n<p>[\/et_pb_text][et_pb_text _builder_version=&#8221;4.27.4&#8243; _module_preset=&#8221;default&#8221; text_text_color=&#8221;#000000&#8243; link_font=&#8221;||||on||||&#8221; link_text_color=&#8221;#000000&#8243; hover_enabled=&#8221;0&#8243; global_colors_info=&#8221;{}&#8221; sticky_enabled=&#8221;0&#8243;]\n<div class=\"wpcf7 no-js\" id=\"wpcf7-f262179-o1\" lang=\"en-US\" dir=\"ltr\" data-wpcf7-id=\"262179\">\n<div class=\"screen-reader-response\"><p role=\"status\" aria-live=\"polite\" aria-atomic=\"true\"><\/p> <ul><\/ul><\/div>\n<form action=\"\/en\/wp-json\/wp\/v2\/pages\/262997#wpcf7-f262179-o1\" method=\"post\" class=\"wpcf7-form init\" aria-label=\"Contact form\" novalidate=\"novalidate\" data-status=\"init\">\n<fieldset class=\"hidden-fields-container\"><input type=\"hidden\" name=\"_wpcf7\" value=\"262179\" \/><input type=\"hidden\" name=\"_wpcf7_version\" value=\"6.1.5\" \/><input type=\"hidden\" name=\"_wpcf7_locale\" value=\"en_US\" \/><input type=\"hidden\" name=\"_wpcf7_unit_tag\" value=\"wpcf7-f262179-o1\" \/><input type=\"hidden\" name=\"_wpcf7_container_post\" value=\"0\" \/><input type=\"hidden\" name=\"_wpcf7_posted_data_hash\" value=\"\" \/><input type=\"hidden\" name=\"_wpcf7_recaptcha_response\" value=\"\" \/>\n<\/fieldset>\n<p><label for=\"nombre\">Name:<\/label><br \/>\n<span class=\"wpcf7-form-control-wrap\" data-name=\"nombre\"><input size=\"30\" maxlength=\"400\" class=\"wpcf7-form-control wpcf7-text wpcf7-validates-as-required\" id=\"nombre\" aria-required=\"true\" aria-invalid=\"false\" value=\"\" type=\"text\" name=\"nombre\" \/><\/span><br \/>\n<label for=\"email\">E-mail:<\/label><br \/>\n<span class=\"wpcf7-form-control-wrap\" data-name=\"email\"><input size=\"40\" maxlength=\"400\" class=\"wpcf7-form-control wpcf7-email wpcf7-validates-as-required wpcf7-text wpcf7-validates-as-email\" aria-required=\"true\" aria-invalid=\"false\" value=\"\" type=\"email\" name=\"email\" \/><\/span><br \/>\n<label for=\"consulta\">Consultation<\/label><br \/>\n<span class=\"wpcf7-form-control-wrap\" data-name=\"consulta\"><textarea cols=\"40\" rows=\"10\" maxlength=\"2000\" class=\"wpcf7-form-control wpcf7-textarea\" id=\"consulta\" aria-invalid=\"false\" name=\"consulta\"><\/textarea><\/span><br \/>\n* Mandatory Fields<br \/>\n<span class=\"wpcf7-form-control-wrap\" data-name=\"aceptacion-privacidad\"><span class=\"wpcf7-form-control wpcf7-acceptance\"><span class=\"wpcf7-list-item\"><label><input type=\"checkbox\" name=\"aceptacion-privacidad\" value=\"1\" aria-invalid=\"false\" \/><span class=\"wpcf7-list-item-label\">I accept the terms of Privacy Policy<\/a><\/span><\/label><\/span><\/span><\/span><br \/>\nIt is necessary to accept the <a href=\"https:\/\/ferrazgaliana.com\/politica-de-privacidad\/\" target=\"_blank\">Terms of Privacy Policy <\/a>to send the request.\n<\/p>\n<div class=\"form-row\">\n\t<div class=\"column-full\">\n\t\t<p><button class=\"wpcf7-form-control wpcf7-submit has-spinner et_pb_button et_pb_bg_layout_light\" type=\"submit\" value=\"Send\">Send<\/button>\n\t\t<\/p>\n\t<\/div>\n<\/div>\n\n<!--end responsive-form--><div class=\"wpcf7-response-output\" aria-hidden=\"true\"><\/div>\n<\/form>\n<\/div>\n[\/et_pb_text][\/et_pb_column][et_pb_column type=&#8221;1_2&#8243; _builder_version=&#8221;4.27.4&#8243; _module_preset=&#8221;default&#8221; global_colors_info=&#8221;{}&#8221;][et_pb_image src=&#8221;https:\/\/ferrazgaliana.com\/wp-content\/uploads\/fachada-estructural-entrada.jpg&#8221; alt=&#8221;fachada-estructural-entrada&#8221; title_text=&#8221;fachada-estructural-entrada&#8221; align=&#8221;center&#8221; _builder_version=&#8221;4.27.4&#8243; _module_preset=&#8221;default&#8221; width=&#8221;106%&#8221; global_colors_info=&#8221;{}&#8221;][\/et_pb_image][\/et_pb_column][\/et_pb_row][et_pb_row column_structure=&#8221;1_2,1_2&#8243; _builder_version=&#8221;4.27.4&#8243; _module_preset=&#8221;default&#8221; custom_margin=&#8221;||-45px||false|false&#8221; custom_padding=&#8221;10%||0px||false|false&#8221; global_colors_info=&#8221;{}&#8221;][et_pb_column type=&#8221;1_2&#8243; _builder_version=&#8221;4.27.4&#8243; _module_preset=&#8221;default&#8221; global_colors_info=&#8221;{}&#8221;][et_pb_text _builder_version=&#8221;4.27.4&#8243; _module_preset=&#8221;default&#8221; text_font=&#8221;&#8211;et_global_heading_font||||||||&#8221; text_font_size=&#8221;14px&#8221; header_font_size=&#8221;20px&#8221; text_orientation=&#8221;center&#8221; custom_margin=&#8221;||-1px||false|false&#8221; custom_padding=&#8221;||0px||false|false&#8221; locked=&#8221;off&#8221; global_colors_info=&#8221;{}&#8221;]<\/p>\n<h3>VALENCIA<\/h3>\n<p>[\/et_pb_text][et_pb_text _builder_version=&#8221;4.27.4&#8243; _module_preset=&#8221;default&#8221; text_text_color=&#8221;#000000&#8243; text_font_size=&#8221;18px&#8221; link_text_color=&#8221;#000000&#8243; text_orientation=&#8221;center&#8221; custom_margin=&#8221;||54px||false|false&#8221; global_colors_info=&#8221;{}&#8221;]<\/p>\n<p data-pm-slice=\"1 1 []\"> C\/ Artes Gr\u00e1ficas 25 &#8211; 10, 46010 Valencia<br \/>Phone: 963 93 56 81<br \/><strong><a href=\"mailto:info@ferrazgaliana.com\">info@ferrazgaliana.com<\/a><\/strong><\/p>\n<p>[\/et_pb_text][\/et_pb_column][et_pb_column type=&#8221;1_2&#8243; _builder_version=&#8221;4.27.4&#8243; _module_preset=&#8221;default&#8221; global_colors_info=&#8221;{}&#8221;][et_pb_text _builder_version=&#8221;4.27.4&#8243; _module_preset=&#8221;default&#8221; text_font=&#8221;&#8211;et_global_heading_font||||||||&#8221; text_font_size=&#8221;14px&#8221; header_font_size=&#8221;20px&#8221; text_orientation=&#8221;center&#8221; custom_margin=&#8221;||-1px||false|false&#8221; custom_padding=&#8221;||0px||false|false&#8221; locked=&#8221;off&#8221; global_colors_info=&#8221;{}&#8221;]<\/p>\n<h3>ALICANTE<\/h3>\n<p>[\/et_pb_text][et_pb_text _builder_version=&#8221;4.27.4&#8243; _module_preset=&#8221;default&#8221; text_text_color=&#8221;#000000&#8243; text_font_size=&#8221;18px&#8221; link_text_color=&#8221;#000000&#8243; text_orientation=&#8221;center&#8221; custom_margin=&#8221;||54px||false|false&#8221; locked=&#8221;off&#8221; global_colors_info=&#8221;{}&#8221;]<\/p>\n<p data-pm-slice=\"1 1 []\"><span>Partida Mirantbo, 3. 134, 03510 Callosa d&#8217;en Sarri\u00e0 <br \/><\/span>Telephone: 965 88 05 05<br \/><strong><a href=\"mailto:info@ferrazgaliana.com\">info@ferrazgaliana.com<\/a><\/strong><\/p>\n<p>[\/et_pb_text][\/et_pb_column][\/et_pb_row][\/et_pb_section][et_pb_section fb_built=&#8221;1&#8243; _builder_version=&#8221;4.27.4&#8243; _module_preset=&#8221;default&#8221; custom_margin=&#8221;-6px||-6px||true|false&#8221; global_colors_info=&#8221;{}&#8221;][et_pb_row _builder_version=&#8221;4.27.4&#8243; _module_preset=&#8221;default&#8221; width=&#8221;100%&#8221; max_width=&#8221;100%&#8221; custom_padding=&#8221;0px||0px||true|false&#8221; global_colors_info=&#8221;{}&#8221;][et_pb_column type=&#8221;4_4&#8243; _builder_version=&#8221;4.24.3&#8243; _module_preset=&#8221;default&#8221; global_colors_info=&#8221;{}&#8221;][et_pb_map address=&#8221;C\/ de les Arts Gr\u00e0fiques, 25, El Pla del Real, 46010 Val\u00e8ncia, Valencia, Espa\u00f1a&#8221; zoom_level=&#8221;8&#8243; address_lat=&#8221;39.134666042511&#8243; address_lng=&#8221;-0.70750545835637&#8243; _builder_version=&#8221;4.27.4&#8243; _module_preset=&#8221;default&#8221; width=&#8221;100%&#8221; custom_margin=&#8221;-55px||-55px||true|false&#8221; custom_padding=&#8221;0px||0px||true|false&#8221; global_colors_info=&#8221;{}&#8221;][et_pb_map_pin title=&#8221;ferraz.galiana &#8211; Valencia&#8221; pin_address=&#8221;C\/ de les Arts Gr\u00e0fiques, 25, El Pla del Real, 46010 Val\u00e8ncia, Valencia, Espa\u00f1a&#8221; pin_address_lat=&#8221;39.4759033&#8243; pin_address_lng=&#8221;-0.3592434&#8243; _builder_version=&#8221;4.27.4&#8243; _module_preset=&#8221;default&#8221; global_colors_info=&#8221;{}&#8221;]<\/p>\n<p><a href=\"https:\/\/maps.app.goo.gl\/FBGH6koojSGq5XLo7\" target=\"_blank\" rel=\"noopener\">C\/Arts Gr\u00e0fiques, 25 &#8211; 10, <\/a><br \/><a href=\"https:\/\/maps.app.goo.gl\/FBGH6koojSGq5XLo7\" target=\"_blank\" rel=\"noopener\">El Llano del Real, 46010 Valencia<\/a><\/p>\n<p>963 93 56 81<\/p>\n<p>&nbsp;<\/p>\n<p>[\/et_pb_map_pin][et_pb_map_pin title=&#8221;Ferraz Galiana &#8211; Callosa d&#039;En Sarri\u00e0&#8221; pin_address=&#8221;Partida Mirantbo, 8, 03510 Callosa d&#8217;en Sarri\u00e0, Alicante, Espa\u00f1a&#8221; pin_address_lat=&#8221;38.6543676&#8243; pin_address_lng=&#8221;-0.1203011&#8243; _builder_version=&#8221;4.27.4&#8243; _module_preset=&#8221;default&#8221; global_colors_info=&#8221;{}&#8221;]<\/p>\n<p><a href=\"https:\/\/g.co\/kgs\/LxvxU9C\" target=\"_blank\" rel=\"noopener\">Partida Mirantbo,3, 134, <\/a><br \/><a href=\"https:\/\/g.co\/kgs\/LxvxU9C\" target=\"_blank\" rel=\"noopener\">03510 Callosa d\u2019en Sarri\u00e0<\/a><br \/>965 88 05 05<\/p>\n<p>[\/et_pb_map_pin][\/et_pb_map][\/et_pb_column][\/et_pb_row][\/et_pb_section]<\/p>\n","protected":false},"excerpt":{"rendered":"<p>CONTACT FERRAZ GALIANA Architects in Valencia &#8211; Architects in AlicanteFill in the form and we will contact you as soon as possible.\n<div class=\"wpcf7 no-js\" id=\"wpcf7-f262179-o2\" lang=\"en-US\" dir=\"ltr\" data-wpcf7-id=\"262179\">\n<div class=\"screen-reader-response\"><p role=\"status\" aria-live=\"polite\" aria-atomic=\"true\"><\/p> <ul><\/ul><\/div>\n<form action=\"\/en\/wp-json\/wp\/v2\/pages\/262997#wpcf7-f262179-o2\" method=\"post\" class=\"wpcf7-form init\" aria-label=\"Contact form\" novalidate=\"novalidate\" data-status=\"init\">\n<fieldset class=\"hidden-fields-container\"><input type=\"hidden\" name=\"_wpcf7\" value=\"262179\" \/><input type=\"hidden\" name=\"_wpcf7_version\" value=\"6.1.5\" \/><input type=\"hidden\" name=\"_wpcf7_locale\" value=\"en_US\" \/><input type=\"hidden\" name=\"_wpcf7_unit_tag\" value=\"wpcf7-f262179-o2\" \/><input type=\"hidden\" name=\"_wpcf7_container_post\" value=\"0\" \/><input type=\"hidden\" name=\"_wpcf7_posted_data_hash\" value=\"\" \/><input type=\"hidden\" name=\"_wpcf7_recaptcha_response\" value=\"\" \/>\n<\/fieldset>\n<p><label for=\"nombre\">Name:<\/label><br \/>\n<span class=\"wpcf7-form-control-wrap\" data-name=\"nombre\"><input size=\"30\" maxlength=\"400\" class=\"wpcf7-form-control wpcf7-text wpcf7-validates-as-required\" aria-required=\"true\" aria-invalid=\"false\" value=\"\" type=\"text\" name=\"nombre\" \/><\/span><br \/>\n<label for=\"email\">E-mail:<\/label><br \/>\n<span class=\"wpcf7-form-control-wrap\" data-name=\"email\"><input size=\"40\" maxlength=\"400\" class=\"wpcf7-form-control wpcf7-email wpcf7-validates-as-required wpcf7-text wpcf7-validates-as-email\" aria-required=\"true\" aria-invalid=\"false\" value=\"\" type=\"email\" name=\"email\" \/><\/span><br \/>\n<label for=\"consulta\">Consultation<\/label><br \/>\n<span class=\"wpcf7-form-control-wrap\" data-name=\"consulta\"><textarea cols=\"40\" rows=\"10\" maxlength=\"2000\" class=\"wpcf7-form-control wpcf7-textarea\" aria-invalid=\"false\" name=\"consulta\"><\/textarea><\/span><br \/>\n* Mandatory Fields<br \/>\n<span class=\"wpcf7-form-control-wrap\" data-name=\"aceptacion-privacidad\"><span class=\"wpcf7-form-control wpcf7-acceptance\"><span class=\"wpcf7-list-item\"><label><input type=\"checkbox\" name=\"aceptacion-privacidad\" value=\"1\" aria-invalid=\"false\" \/><span class=\"wpcf7-list-item-label\">I accept the terms of Privacy Policy<\/a><\/span><\/label><\/span><\/span><\/span><br \/>\nIt is necessary to accept the <a href=\"https:\/\/ferrazgaliana.com\/politica-de-privacidad\/\" target=\"_blank\">Terms of Privacy Policy <\/a>to send the request.\n<\/p>\n<div class=\"form-row\">\n\t<div class=\"column-full\">\n\t\t<p><button class=\"wpcf7-form-control wpcf7-submit has-spinner et_pb_button et_pb_bg_layout_light\" type=\"submit\" value=\"Send\">Send<\/button>\n\t\t<\/p>\n\t<\/div>\n<\/div>\n\n<!--end responsive-form--><div class=\"wpcf7-response-output\" aria-hidden=\"true\"><\/div>\n<\/form>\n<\/div>\nVALENCIA C\/ Artes Gr\u00e1ficas 25 &#8211; 10, 46010 ValenciaPhone: 963 93 56 81info@ferrazgaliana.comALICANTEPartida Mirantbo, 3. 134, 03510 Callosa d&#8217;en Sarri\u00e0 Telephone: 965 88 05 05info@ferrazgaliana.comC\/Arts Gr\u00e0fiques, 25 &#8211; 10, El Llano del [&hellip;]<\/p>\n","protected":false},"author":1,"featured_media":0,"parent":0,"menu_order":0,"comment_status":"closed","ping_status":"closed","template":"","meta":{"_et_pb_use_builder":"on","_et_pb_old_content":"","_et_gb_content_width":"","footnotes":""},"class_list":["post-262997","page","type-page","status-publish","hentry"],"_links":{"self":[{"href":"https:\/\/ferrazgaliana.com\/en\/wp-json\/wp\/v2\/pages\/262997","targetHints":{"allow":["GET"]}}],"collection":[{"href":"https:\/\/ferrazgaliana.com\/en\/wp-json\/wp\/v2\/pages"}],"about":[{"href":"https:\/\/ferrazgaliana.com\/en\/wp-json\/wp\/v2\/types\/page"}],"author":[{"embeddable":true,"href":"https:\/\/ferrazgaliana.com\/en\/wp-json\/wp\/v2\/users\/1"}],"replies":[{"embeddable":true,"href":"https:\/\/ferrazgaliana.com\/en\/wp-json\/wp\/v2\/comments?post=262997"}],"version-history":[{"count":2,"href":"https:\/\/ferrazgaliana.com\/en\/wp-json\/wp\/v2\/pages\/262997\/revisions"}],"predecessor-version":[{"id":263634,"href":"https:\/\/ferrazgaliana.com\/en\/wp-json\/wp\/v2\/pages\/262997\/revisions\/263634"}],"wp:attachment":[{"href":"https:\/\/ferrazgaliana.com\/en\/wp-json\/wp\/v2\/media?parent=262997"}],"curies":[{"name":"wp","href":"https:\/\/api.w.org\/{rel}","templated":true}]}}